{"id":104,"date":"2019-10-12T21:14:11","date_gmt":"2019-10-12T19:14:11","guid":{"rendered":"https:\/\/atelier-sylvainpetit.com\/?page_id=104"},"modified":"2024-07-01T14:32:29","modified_gmt":"2024-07-01T12:32:29","slug":"violons","status":"publish","type":"page","link":"https:\/\/atelier-sylvainpetit.com\/index.php\/violons\/","title":{"rendered":"\ud834\udd1e  V I O L O N S"},"content":{"rendered":"<p><!--StartFragment--><\/p>\n\n\n<h2 class=\"wp-block-heading has-text-color has-link-color wp-elements-9d1b3072ab515db9975943876386dff7\" style=\"color:#740101\"><strong>INSPIRATION ANDRE AMATI &#8220;Charles IX&#8221;  <em>7 900\u20ac<\/em><\/strong><\/h2>\n\n\n\n<div class=\"wp-block-media-text alignwide is-stacked-on-mobile is-vertically-aligned-center\" style=\"grid-template-columns:15% auto\"><figure class=\"wp-block-media-text__media\"><img decoding=\"async\" width=\"483\" height=\"1024\" src=\"https:\/\/atelier-sylvainpetit.com\/wp-content\/uploads\/2022\/04\/amati-transparent-483x1024.png\" alt=\"\" class=\"wp-image-314 size-full\" srcset=\"https:\/\/atelier-sylvainpetit.com\/wp-content\/uploads\/2022\/04\/amati-transparent-483x1024.png 483w, https:\/\/atelier-sylvainpetit.com\/wp-content\/uploads\/2022\/04\/amati-transparent-141x300.png 141w, https:\/\/atelier-sylvainpetit.com\/wp-content\/uploads\/2022\/04\/amati-transparent-768x1630.png 768w, https:\/\/atelier-sylvainpetit.com\/wp-content\/uploads\/2022\/04\/amati-transparent-724x1536.png 724w, https:\/\/atelier-sylvainpetit.com\/wp-content\/uploads\/2022\/04\/amati-transparent-965x2048.png 965w, https:\/\/atelier-sylvainpetit.com\/wp-content\/uploads\/2022\/04\/amati-transparent-520x1103.png 520w, https:\/\/atelier-sylvainpetit.com\/wp-content\/uploads\/2022\/04\/amati-transparent-740x1570.png 740w, https:\/\/atelier-sylvainpetit.com\/wp-content\/uploads\/2022\/04\/amati-transparent.png 905w\" sizes=\"(max-width: 483px) 100vw, 483px\" \/><\/figure><div class=\"wp-block-media-text__content\">\n<p class=\"has-text-color has-link-color wp-elements-12aa1f0704947fadf1b4c96e4cd3e801\" style=\"color:#710202\">CARACT\u00c9RISTIQUES SONORES :<\/p>\n\n\n\n<ul class=\"wp-block-list\">\n<li><em>Son&nbsp;chaud&nbsp;et&nbsp;organique<\/em><\/li>\n\n\n\n<li><em>Intimiste, avec&nbsp;peu&nbsp;de&nbsp;projection<\/em><\/li>\n\n\n\n<li><em>Mediums en avant<\/em><\/li>\n<\/ul>\n\n\n\n<p><em><em>Bas\u00e9 sur le mod\u00e8le \u201cCharles IX\u201d de 1566<\/em><\/em><\/p>\n<\/div><\/div>\n\n\n\n<hr class=\"wp-block-separator has-alpha-channel-opacity is-style-dots\"\/>\n\n\n\n<p><span style=\"color: #6d3609;\">HISTOIRE DU LUTHIER :<\/span><\/p>\n\n\n\n<p><span style=\"font-weight: 400;\">Andrea Amati f\u00fbt le premier grand luthier reconnu, cr\u00e9ant des instruments aboutis et donnant la forme que nous connaissons aujourd\u2019hui. Ses violons \u00e9taient plus petits, l\u00e9gers avec des vo\u00fbtes marqu\u00e9es. Cette inspiration est donc bas\u00e9e sur les premiers violons fabriqu\u00e9s dans la ville de Cr\u00e9mone, en Italie. C\u2019est un choix judicieux pour jouer du baroque, nous apportons une attention particuli\u00e8re \u00e0 la conception d\u2019un timbre propice \u00e0 la musique de chambre ou \u00e0 la musique baroque. La structure et les formes de vo\u00fbtes, d\u2019ou\u00efes, le choix de bois donnent un son tr\u00e8s chaud, organique et intimiste. (Possible de le demander en montage baroque)<\/span><\/p>\n\n\n\n<hr class=\"wp-block-separator has-alpha-channel-opacity is-style-dots\"\/>\n\n\n\n<p><span style=\"color: #800000;\">CARACT\u00c9RISTIQUES TECHNIQUES :<\/span><\/p>\n\n\n\n<ul class=\"wp-block-list\">\n<li><span style=\"font-weight: 400;\">Dimensions: <\/span><i><span style=\"font-weight: 400;\">Longueur du corps de <\/span><\/i><span style=\"color: #800000;\"><i>34.1cm<\/i><\/span><\/li>\n\n\n\n<li><span style=\"font-weight: 400;\">Poids:<\/span> <span style=\"color: #800000;\"><i>390gr <\/i><\/span><i><span style=\"font-weight: 400;\">(approximativement)<\/span><\/i><\/li>\n\n\n\n<li>Bois utilis\u00e9: <span style=\"color: #800000;\"><i style=\"font-size: revert;\">\u00c9pic\u00e9a des Alpes<\/i><\/span><i style=\"font-size: revert; color: initial;\"> italiennes (table d\u2019harmonie) <\/i><span style=\"color: #800000;\"><i style=\"font-size: revert;\">Erable des Balkans<\/i><\/span><i style=\"font-size: revert; color: initial;\"> (manche, \u00e9clisses et dos) <\/i><span style=\"color: #800000;\"><i style=\"font-size: revert;\">Saule<\/i><\/span><i style=\"font-size: revert; color: initial;\"> (blocs &amp; tasseaux int\u00e9rieurs),&nbsp; <\/i><span style=\"color: #800000;\"><i style=\"font-size: revert;\">Eb\u00e8ne du Congo <\/i><\/span><i style=\"font-size: revert; color: initial;\">(touche), <\/i><span style=\"color: #800000;\"><i style=\"font-size: revert;\">Buis europ\u00e9en <\/i><\/span><i style=\"font-size: revert; color: initial;\">(cordier, chevilles)<\/i><\/li>\n<\/ul>\n\n\n\n<hr class=\"wp-block-separator has-css-opacity\"\/>\n\n\n\n<h2 class=\"wp-block-heading has-text-color has-link-color wp-elements-424621602a83df255f3275cbc553055e\" style=\"color:#740404\"><strong>INSPIRATION GUARNERI, DEL GESU &#8220;PLOWDEN&#8221; <em>8600\u20ac<\/em><\/strong><\/h2>\n\n\n\n<div class=\"wp-block-media-text alignwide is-stacked-on-mobile\" style=\"grid-template-columns:10% auto\"><figure class=\"wp-block-media-text__media\"><img decoding=\"async\" width=\"379\" height=\"1024\" src=\"https:\/\/atelier-sylvainpetit.com\/wp-content\/uploads\/2023\/01\/global-front-site-379x1024.jpg\" alt=\"\" class=\"wp-image-351 size-full\" srcset=\"https:\/\/atelier-sylvainpetit.com\/wp-content\/uploads\/2023\/01\/global-front-site-379x1024.jpg 379w, https:\/\/atelier-sylvainpetit.com\/wp-content\/uploads\/2023\/01\/global-front-site-111x300.jpg 111w, https:\/\/atelier-sylvainpetit.com\/wp-content\/uploads\/2023\/01\/global-front-site-768x2074.jpg 768w, https:\/\/atelier-sylvainpetit.com\/wp-content\/uploads\/2023\/01\/global-front-site-569x1536.jpg 569w, https:\/\/atelier-sylvainpetit.com\/wp-content\/uploads\/2023\/01\/global-front-site-758x2048.jpg 758w, https:\/\/atelier-sylvainpetit.com\/wp-content\/uploads\/2023\/01\/global-front-site-520x1405.jpg 520w, https:\/\/atelier-sylvainpetit.com\/wp-content\/uploads\/2023\/01\/global-front-site-740x1999.jpg 740w, https:\/\/atelier-sylvainpetit.com\/wp-content\/uploads\/2023\/01\/global-front-site-scaled.jpg 711w\" sizes=\"(max-width: 379px) 100vw, 379px\" \/><\/figure><div class=\"wp-block-media-text__content\">\n<p class=\"has-text-color has-link-color wp-elements-8c485c7566e9a2956aa14b0eb61ffbae\" style=\"color:#750101\">CARACT\u00c9RISTIQUES SONORES :<\/p>\n\n\n\n<ul class=\"wp-block-list\">\n<li><em>Chaud, et organique<\/em><\/li>\n\n\n\n<li><em>Textur\u00e9 et grande projection<\/em><\/li>\n\n\n\n<li><em>Basses en avant<\/em>, timbre sombre<\/li>\n<\/ul>\n\n\n\n<p><em>Bas\u00e9 sur le mod\u00e8le \u201cPlowden\u201d de 1735.<\/em><\/p>\n<\/div><\/div>\n\n\n\n<hr class=\"wp-block-separator has-alpha-channel-opacity is-style-dots\"\/>\n\n\n\n<p><span style=\"color: #800000;\">HISTOIRE DU LUTHIER :<\/span><\/p>\n\n\n\n<p><span style=\"font-weight: 400;\">Guarneri dit \u201cDel Ges\u00f9\u201d, tout comme la famille Amati, travaillait dans la petite ville de Cr\u00e9mone. Ses instruments \u00e9taient uniques dans leur style avec un \u201ccoup d\u2019outil\u201d tr\u00e8s artistique caract\u00e9ristique. L\u2019ensemble visuel est plus brut et pourtant extr\u00eamement fluide,&nbsp; le son est plus sombre que ce que nous pouvons voir chez un Stradivarius. D\u2019un autre c\u00f4t\u00e9, ses ou\u00efes longues et la forme particuli\u00e8re des vo\u00fbtes lui conf\u00e8rent un \u00e9clat et une projection assez impressionnants.<\/span><\/p>\n\n\n\n<hr class=\"wp-block-separator has-alpha-channel-opacity is-style-dots\"\/>\n\n\n\n<p><span style=\"font-weight: 400; color: #800000;\">CARACT\u00c9RISTIQUES TECHNIQUES :<\/span><\/p>\n\n\n\n<ul class=\"wp-block-list\">\n<li><span style=\"font-weight: 400;\">Dimensions: <\/span><i><span style=\"font-weight: 400;\">Longueur du corps&nbsp; de <\/span><\/i><span style=\"color: #800000;\"><i><span style=\"font-weight: 400;\">35.1cm<\/span><\/i><\/span><\/li>\n\n\n\n<li><span style=\"font-weight: 400;\">Poids:<\/span> <span style=\"color: #800000;\"><i><span style=\"font-weight: 400;\">410gr<\/span><\/i><\/span><i><span style=\"font-weight: 400;\"> (approximativement)<\/span><\/i><\/li>\n\n\n\n<li><span style=\"font-weight: 400;\">Bois utilis\u00e9:<\/span> <i><span style=\"font-weight: 400;\"><span style=\"color: #800000;\">\u00c9pic\u00e9a des Alpes<\/span> Suisses <\/span><\/i><i><span style=\"font-weight: 400;\">(table d\u2019harmonie) <span style=\"color: #800000;\">\u00c9rable des Alpes<\/span> Suisses (manche, \u00e9clisses et dos) <\/span><\/i><span style=\"color: #800000;\"><i><span style=\"font-weight: 400;\">Saule<\/span><\/i><\/span><i><span style=\"font-weight: 400;\"> fran\u00e7ais (blocs &amp; tasseaux int\u00e9rieurs),&nbsp; <\/span><\/i><i><span style=\"font-weight: 400;\"><span style=\"color: #800000;\">Eb\u00e8ne du Congo<\/span> <\/span><\/i><i><span style=\"font-weight: 400;\">(touche), <\/span><\/i><span style=\"color: #800000;\"><i><span style=\"font-weight: 400;\">Buis europ\u00e9en<\/span><\/i><\/span><i><span style=\"font-weight: 400;\"> (cordier, chevilles)<\/span><\/i><\/li>\n<\/ul>\n\n\n\n<hr class=\"wp-block-separator has-css-opacity\"\/>\n\n\n\n<h2 class=\"wp-block-heading has-text-color has-link-color wp-elements-e43df2d50d3a8be13d7ae1e5801f20f7\" style=\"color:#7c0202\"><strong>INSPIRATION ANTONIO STRADIVARI &#8220;TITIEN&#8221;  : <em>8 900 \u20ac\u00a0\u00a0<\/em><\/strong><\/h2>\n\n\n\n<div class=\"wp-block-media-text alignwide is-stacked-on-mobile\" style=\"grid-template-columns:11% auto\"><figure class=\"wp-block-media-text__media\"><img decoding=\"async\" width=\"466\" height=\"1024\" src=\"https:\/\/atelier-sylvainpetit.com\/wp-content\/uploads\/2022\/04\/violon-transparent-466x1024.png\" alt=\"\" class=\"wp-image-316 size-full\" srcset=\"https:\/\/atelier-sylvainpetit.com\/wp-content\/uploads\/2022\/04\/violon-transparent-466x1024.png 466w, https:\/\/atelier-sylvainpetit.com\/wp-content\/uploads\/2022\/04\/violon-transparent-136x300.png 136w, https:\/\/atelier-sylvainpetit.com\/wp-content\/uploads\/2022\/04\/violon-transparent-768x1688.png 768w, https:\/\/atelier-sylvainpetit.com\/wp-content\/uploads\/2022\/04\/violon-transparent-699x1536.png 699w, https:\/\/atelier-sylvainpetit.com\/wp-content\/uploads\/2022\/04\/violon-transparent-932x2048.png 932w, https:\/\/atelier-sylvainpetit.com\/wp-content\/uploads\/2022\/04\/violon-transparent-520x1143.png 520w, https:\/\/atelier-sylvainpetit.com\/wp-content\/uploads\/2022\/04\/violon-transparent-740x1627.png 740w, https:\/\/atelier-sylvainpetit.com\/wp-content\/uploads\/2022\/04\/violon-transparent.png 873w\" sizes=\"(max-width: 466px) 100vw, 466px\" \/><\/figure><div class=\"wp-block-media-text__content\">\n<p class=\"has-text-color has-link-color wp-elements-f48e035cdad36c9f670efab459549a88\" style=\"color:#7b0404\">CARACT\u00c9RISTIQUES SONORES :<\/p>\n\n\n\n<ul class=\"wp-block-list\">\n<li><em>Son chaud et \u00e9quilibr\u00e9<\/em><\/li>\n\n\n\n<li><em>Brillant et bonne projection<\/em><\/li>\n\n\n\n<li><em>\u00c9galisation \u00e9quilibr\u00e9e<\/em><\/li>\n<\/ul>\n\n\n\n<p><em>Bas\u00e9 sur le mod\u00e8le \u201cTitien\u201d de 1715<\/em><\/p>\n<\/div><\/div>\n\n\n\n<hr class=\"wp-block-separator has-alpha-channel-opacity is-style-dots\"\/>\n\n\n\n<p><span style=\"font-weight: 400; color: #800000;\">HISTOIRE DU LUTHIER :<\/span><\/p>\n\n\n\n<p><span style=\"font-weight: 400;\"> Le troisi\u00e8me des grands luthiers cr\u00e9monais et probablement le plus connu parmi tous : Stradivari, un personnage qui fascine. Il nous a l\u00e9gu\u00e9 des instruments aboutis, tr\u00e8s finement ouvrag\u00e9s avec une s\u00e9lection de bois irr\u00e9prochables, des formes de vo\u00fbtes, des sculptures de volutes tr\u00e8s fines. En outre une carri\u00e8re riche et prosp\u00e8re de son vivant, il v\u00e9cut relativement vieux, ainsi avec une production constante, de ce fait, il nous a laiss\u00e9 un nombre important d\u2019\u0153uvres.&nbsp; Ses instruments sont un v\u00e9ritable mythe qui fascine. Nous vous proposons des inspirations de certains mod\u00e8les de Stradivarius.&nbsp;<\/span><\/p>\n\n\n\n<hr class=\"wp-block-separator has-alpha-channel-opacity is-style-dots\"\/>\n\n\n\n<p><span style=\"font-weight: 400; color: #800000;\">CARACT\u00c9RISTIQUES TECHNIQUES :<\/span><\/p>\n\n\n\n<ul class=\"wp-block-list\">\n<li><span style=\"font-weight: 400;\">Dimensions: <\/span><i><span style=\"font-weight: 400;\">Longueur du corps&nbsp; de <\/span><\/i><span style=\"color: #800000;\"><i><span style=\"font-weight: 400;\">35.4cm<\/span><\/i><\/span><\/li>\n\n\n\n<li><span style=\"font-weight: 400;\">Poids:<\/span> <span style=\"color: #800000;\"><i><span style=\"font-weight: 400;\">425gr<\/span><\/i><\/span><i><span style=\"font-weight: 400;\"> (approximativement)<\/span><\/i><\/li>\n\n\n\n<li><span style=\"font-weight: 400;\">Bois utilis\u00e9:<\/span> <i><span style=\"font-weight: 400;\"><span style=\"color: #800000;\">\u00c9pic\u00e9a des Alpes<\/span> Suisses <\/span><\/i><i><span style=\"font-weight: 400;\">(table d\u2019harmonie) <span style=\"color: #800000;\">\u00c9rable des Alpes<\/span> Suisses (manche, \u00e9clisses et dos) <\/span><\/i><span style=\"color: #800000;\"><i><span style=\"font-weight: 400;\">Saule<\/span><\/i><\/span><i><span style=\"font-weight: 400;\"> fran\u00e7ais (blocs &amp; tasseaux int\u00e9rieurs),&nbsp; <\/span><\/i><i><span style=\"font-weight: 400;\"><span style=\"color: #800000;\">Eb\u00e8ne du Congo<\/span> <\/span><\/i><i><span style=\"font-weight: 400;\">(touche), <\/span><\/i><span style=\"color: #800000;\"><i><span style=\"font-weight: 400;\">Buis europ\u00e9en<\/span><\/i><\/span><i><span style=\"font-weight: 400;\"> (cordier, chevilles)<\/span><\/i><\/li>\n<\/ul>\n\n\n\n<hr class=\"wp-block-separator has-alpha-channel-opacity\"\/>\n\n\n\n<h2 class=\"wp-block-heading has-text-color has-link-color wp-elements-a3f93c4aa6d28c98c9469a82b3d971e7\" style=\"color:#750303\"><strong>MODELE SUR MESURE : <\/strong>11 200\u20ac<\/h2>\n\n\n\n<div class=\"wp-block-media-text is-stacked-on-mobile\" style=\"grid-template-columns:15% auto\"><figure class=\"wp-block-media-text__media\"><img decoding=\"async\" width=\"379\" height=\"1024\" src=\"https:\/\/atelier-sylvainpetit.com\/wp-content\/uploads\/2024\/02\/Mystery-front-violin-viola-379x1024.png\" alt=\"\" class=\"wp-image-548 size-full\" srcset=\"https:\/\/atelier-sylvainpetit.com\/wp-content\/uploads\/2024\/02\/Mystery-front-violin-viola-379x1024.png 379w, https:\/\/atelier-sylvainpetit.com\/wp-content\/uploads\/2024\/02\/Mystery-front-violin-viola-111x300.png 111w, https:\/\/atelier-sylvainpetit.com\/wp-content\/uploads\/2024\/02\/Mystery-front-violin-viola-569x1536.png 569w, https:\/\/atelier-sylvainpetit.com\/wp-content\/uploads\/2024\/02\/Mystery-front-violin-viola-520x1404.png 520w, https:\/\/atelier-sylvainpetit.com\/wp-content\/uploads\/2024\/02\/Mystery-front-violin-viola.png 711w\" sizes=\"(max-width: 379px) 100vw, 379px\" \/><\/figure><div class=\"wp-block-media-text__content\">\n<p class=\"has-text-color has-link-color wp-elements-5b64ed02f421e954ea7fb4a9e1447495\" style=\"color:#830303\">CARACT\u00c9RISTIQUES SONORES :<\/p>\n\n\n\n<ul class=\"wp-block-list\">\n<li>En fonction des demandes du musicien<\/li>\n<\/ul>\n\n\n\n<p class=\"has-text-color has-link-color wp-elements-a9a402d227fe27f630834a061001e646\" style=\"color:#700101\">CARACT\u00c9RISTIQUES TECHNIQUES :<\/p>\n\n\n\n<ul class=\"wp-block-list\">\n<li>Dimensions: <em>A d\u00e9finir<\/em><\/li>\n\n\n\n<li>Poids: <em>\u00c0 d\u00e9finir<\/em><\/li>\n\n\n\n<li>Bois utilis\u00e9:<em><strong> \u00c9pic\u00e9a des Alpes<\/strong> (table d\u2019harmonie) <strong>\u00c9rable des Alpes <\/strong>(manche, \u00e9clisses et dos) <strong>Saule <\/strong>(blocs &amp; tasseaux int\u00e9rieurs),\u00a0 <strong>Eb\u00e8ne <\/strong>(touche),<strong> Buis europ\u00e9en<\/strong> (cordier, chevilles<\/em>)<\/li>\n<\/ul>\n<\/div><\/div>\n\n\n\n<hr class=\"wp-block-separator has-alpha-channel-opacity is-style-dots\"\/>\n\n\n\n<p class=\"has-text-color has-link-color wp-elements-bbd09712ca5388546c48e843221f9809\" style=\"color:#730101\">CONCEPT DU MOD\u00c8LE : <\/p>\n\n\n\n<p>Nous pouvons \u00e9galement vous sugg\u00e9rer un violon hors des propositions \u00e9num\u00e9r\u00e9es ci-dessus. Un instrument totalement personnel o\u00f9 vous pourrez choisir diff\u00e9rents types de vernis (dans la limite du style de notre atelier), la longueur de caisse, parmi les stocks de bois que nous poss\u00e9dons, vous choisirez celui qui vous convient. Le violon pourra \u00eatre personnel ou inspir\u00e9 d\u2019un mod\u00e8le historique que vous appr\u00e9ciez, ou bien l\u2019inspiration d\u2019un mod\u00e8le appartenant \u00e0 l\u2019un de vos solistes favoris. Durant la fabrication, vous aurez acc\u00e8s \u00e0 tout moment \u00e0 l\u2019instrument. Enfin, vous pouvez demander l\u2019apposition, \u00e0 l\u2019int\u00e9rieur de l\u2019instrument d\u2019une marque personnelle.<\/p>\n","protected":false},"excerpt":{"rendered":"<p>INSPIRATION ANDRE AMATI &#8220;Charles IX&#8221; 7 900\u20ac HISTOIRE DU LUTHIER : Andrea Amati f\u00fbt le premier grand luthier reconnu, cr\u00e9ant des instruments aboutis et donnant la forme que nous connaissons aujourd\u2019hui. Ses violons \u00e9taient plus<a class=\"read-more\" href=\"https:\/\/atelier-sylvainpetit.com\/index.php\/violons\/\">Continue reading<\/a><\/p>\n","protected":false},"author":1,"featured_media":0,"parent":0,"menu_order":0,"comment_status":"closed","ping_status":"closed","template":"","meta":{"footnotes":""},"class_list":["post-104","page","type-page","status-publish","hentry"],"_links":{"self":[{"href":"https:\/\/atelier-sylvainpetit.com\/index.php\/wp-json\/wp\/v2\/pages\/104","targetHints":{"allow":["GET"]}}],"collection":[{"href":"https:\/\/atelier-sylvainpetit.com\/index.php\/wp-json\/wp\/v2\/pages"}],"about":[{"href":"https:\/\/atelier-sylvainpetit.com\/index.php\/wp-json\/wp\/v2\/types\/page"}],"author":[{"embeddable":true,"href":"https:\/\/atelier-sylvainpetit.com\/index.php\/wp-json\/wp\/v2\/users\/1"}],"replies":[{"embeddable":true,"href":"https:\/\/atelier-sylvainpetit.com\/index.php\/wp-json\/wp\/v2\/comments?post=104"}],"version-history":[{"count":23,"href":"https:\/\/atelier-sylvainpetit.com\/index.php\/wp-json\/wp\/v2\/pages\/104\/revisions"}],"predecessor-version":[{"id":609,"href":"https:\/\/atelier-sylvainpetit.com\/index.php\/wp-json\/wp\/v2\/pages\/104\/revisions\/609"}],"wp:attachment":[{"href":"https:\/\/atelier-sylvainpetit.com\/index.php\/wp-json\/wp\/v2\/media?parent=104"}],"curies":[{"name":"wp","href":"https:\/\/api.w.org\/{rel}","templated":true}]}}