{"id":111,"date":"2019-10-12T21:16:35","date_gmt":"2019-10-12T19:16:35","guid":{"rendered":"https:\/\/atelier-sylvainpetit.com\/?page_id=111"},"modified":"2024-11-18T15:31:39","modified_gmt":"2024-11-18T14:31:39","slug":"violoncelles","status":"publish","type":"page","link":"https:\/\/atelier-sylvainpetit.com\/index.php\/violoncelles\/","title":{"rendered":"\ud834\udd22 VIOLONCELLES"},"content":{"rendered":"\n<h2 class=\"wp-block-heading has-text-color has-link-color wp-elements-22d68c2da8ce894d9850f3c166f8fb90\" style=\"color:#740101\"><strong>INSPIRATION MATTEO GOFFRILLER &#8220;VENICE&#8221;  <em>19 800\u20ac<\/em><\/strong><\/h2>\n\n\n\n<div class=\"wp-block-media-text alignwide is-stacked-on-mobile is-vertically-aligned-center\" style=\"grid-template-columns:32% auto\"><figure class=\"wp-block-media-text__media\"><img decoding=\"async\" width=\"827\" height=\"1024\" src=\"https:\/\/atelier-sylvainpetit.com\/wp-content\/uploads\/2024\/11\/Goffriler-global-echoppe-827x1024.png\" alt=\"\" class=\"wp-image-668 size-full\" srcset=\"https:\/\/atelier-sylvainpetit.com\/wp-content\/uploads\/2024\/11\/Goffriler-global-echoppe-827x1024.png 827w, https:\/\/atelier-sylvainpetit.com\/wp-content\/uploads\/2024\/11\/Goffriler-global-echoppe-242x300.png 242w, https:\/\/atelier-sylvainpetit.com\/wp-content\/uploads\/2024\/11\/Goffriler-global-echoppe-768x951.png 768w, https:\/\/atelier-sylvainpetit.com\/wp-content\/uploads\/2024\/11\/Goffriler-global-echoppe-1240x1536.png 1240w, https:\/\/atelier-sylvainpetit.com\/wp-content\/uploads\/2024\/11\/Goffriler-global-echoppe-520x644.png 520w, https:\/\/atelier-sylvainpetit.com\/wp-content\/uploads\/2024\/11\/Goffriler-global-echoppe-740x917.png 740w, https:\/\/atelier-sylvainpetit.com\/wp-content\/uploads\/2024\/11\/Goffriler-global-echoppe.png 1550w\" sizes=\"(max-width: 827px) 100vw, 827px\" \/><\/figure><div class=\"wp-block-media-text__content\">\n<p class=\"has-text-color has-link-color wp-elements-12aa1f0704947fadf1b4c96e4cd3e801\" style=\"color:#710202\">CARACT\u00c9RISTIQUES SONORES :<\/p>\n\n\n\n<ul class=\"wp-block-list\">\n<li><em>Son&nbsp;chaud&nbsp;et&nbsp;organique<\/em><\/li>\n\n\n\n<li><em>Expressif dans tous les registres<\/em><\/li>\n\n\n\n<li><em>Basses en avant, aigus cr\u00e9meux<\/em><\/li>\n<\/ul>\n\n\n\n<p><em><em>Bas\u00e9 sur le mod\u00e8le \u201cVenice\u201d de 1710<\/em><\/em><\/p>\n<\/div><\/div>\n\n\n\n<hr class=\"wp-block-separator has-alpha-channel-opacity is-style-dots\"\/>\n\n\n\n<p><span style=\"color: #6d3609;\">HISTOIRE DU LUTHIER :<\/span><\/p>\n\n\n\n<p><span style=\"font-weight: 400;\">Matteo Goffriller \u00e9tait un luthier V\u00e9nitien, connu pour son art et ses mod\u00e8les de violoncelles exceptionnels. Il \u00e9tait renomm\u00e9 pour s\u2019adapter aux demandes de ses clients sur le bois et les dimensions. Ainsi il \u00e9tait au plus proche de ce que voulait le musicien. Il \u00e9tait dans l\u2019\u00e9quilibre d\u2019un art raffin\u00e9 et expressif. Ce luthier m\u2019a particuli\u00e8rement inspir\u00e9. Je d\u00e9veloppe donc un style r\u00e9sultant d\u2019un compromis parfait entre raffinement et expressivit\u00e9 du travail, terreau du travail de M. Goffriller. Je con\u00e7ois une texture du bois et des traces d\u2019outils, pour enfin aboutir sur une texture sonore unique.<\/span><\/p>\n\n\n\n<hr class=\"wp-block-separator has-alpha-channel-opacity is-style-dots\"\/>\n\n\n\n<p class=\"has-text-color has-link-color wp-elements-37ce53981dee309209b473544bf3bd65\" style=\"color:#7d0202\">CARACT\u00c9RISTIQUES TECHNIQUES :<\/p>\n\n\n\n<ul class=\"wp-block-list\">\n<li>Dimensions: Longueur du corps <strong>75.5cm<\/strong><\/li>\n\n\n\n<li>Poids: <strong>2.6kg<\/strong> (approximativement)<\/li>\n\n\n\n<li>Bois utilis\u00e9:<strong> \u00c9pic\u00e9a des Alpes italiennes<\/strong> (table d\u2019harmonie) <strong>Erable des Alpes Suisses<\/strong>(manche, \u00e9clisses et dos) <strong>Saule <\/strong>(blocs &amp; tasseaux int\u00e9rieurs),&nbsp; <strong>\u00c9b\u00e8ne du Congo <\/strong>(touche, chevilles)<\/li>\n<\/ul>\n\n\n\n<hr class=\"wp-block-separator has-css-opacity\"\/>\n\n\n\n<h2 class=\"wp-block-heading has-text-color has-link-color wp-elements-86bf255e429f9dcdfe08ba7000e94902\" style=\"color:#740101\"><strong>INSPIRATION ANTONIO STRADIVARIUS &#8220;STAUFFER&#8221;  <em>21 250\u20ac<\/em><\/strong><\/h2>\n\n\n\n<div class=\"wp-block-media-text alignwide is-stacked-on-mobile is-vertically-aligned-center\" style=\"grid-template-columns:27% auto\"><figure class=\"wp-block-media-text__media\"><img decoding=\"async\" width=\"829\" height=\"1024\" src=\"http:\/\/atelier-sylvainpetit.com\/wp-content\/uploads\/2024\/11\/FOND-ET-TABLE-STAUFFER-ECHOPPE-LIGHT-829x1024.png\" alt=\"\" class=\"wp-image-661 size-full\" srcset=\"https:\/\/atelier-sylvainpetit.com\/wp-content\/uploads\/2024\/11\/FOND-ET-TABLE-STAUFFER-ECHOPPE-LIGHT-829x1024.png 829w, https:\/\/atelier-sylvainpetit.com\/wp-content\/uploads\/2024\/11\/FOND-ET-TABLE-STAUFFER-ECHOPPE-LIGHT-243x300.png 243w, https:\/\/atelier-sylvainpetit.com\/wp-content\/uploads\/2024\/11\/FOND-ET-TABLE-STAUFFER-ECHOPPE-LIGHT-768x948.png 768w, https:\/\/atelier-sylvainpetit.com\/wp-content\/uploads\/2024\/11\/FOND-ET-TABLE-STAUFFER-ECHOPPE-LIGHT-1244x1536.png 1244w, https:\/\/atelier-sylvainpetit.com\/wp-content\/uploads\/2024\/11\/FOND-ET-TABLE-STAUFFER-ECHOPPE-LIGHT-520x642.png 520w, https:\/\/atelier-sylvainpetit.com\/wp-content\/uploads\/2024\/11\/FOND-ET-TABLE-STAUFFER-ECHOPPE-LIGHT-740x914.png 740w, https:\/\/atelier-sylvainpetit.com\/wp-content\/uploads\/2024\/11\/FOND-ET-TABLE-STAUFFER-ECHOPPE-LIGHT.png 1555w\" sizes=\"(max-width: 829px) 100vw, 829px\" \/><\/figure><div class=\"wp-block-media-text__content\">\n<p class=\"has-text-color has-link-color wp-elements-12aa1f0704947fadf1b4c96e4cd3e801\" style=\"color:#710202\">CARACT\u00c9RISTIQUES SONORES :<\/p>\n\n\n\n<ul class=\"wp-block-list\">\n<li><em>Timbre riche et chalereux<\/em><\/li>\n\n\n\n<li><em>Expressif dans tous les registres<\/em><\/li>\n\n\n\n<li><em>Sonorit\u00e9 enveloppante<\/em><\/li>\n<\/ul>\n\n\n\n<p><em><em>Bas\u00e9 sur le mod\u00e8le \u201cStauffer\u201d de 1700<\/em><\/em><\/p>\n<\/div><\/div>\n\n\n\n<hr class=\"wp-block-separator has-alpha-channel-opacity is-style-dots\"\/>\n\n\n\n<p><span style=\"color: #6d3609;\">HISTOIRE DU LUTHIER :<\/span><\/p>\n\n\n\n<p><span style=\"font-weight: 400;\">Nous ne pr\u00e9sentons plus Antonio Stradivari. Luthier de renom connu pour ses violons remarquables, mais nous connaissons moins ses violoncelles, comme \u201cLa Saveuse\u201d petit instrument. Ainsi que ce magnifique mod\u00e8le poss\u00e9dant une riche sonorit\u00e9 expressive. J\u2019ai donc choisi ce mod\u00e8le comme inspiration, les bois s\u00e9lectionn\u00e9s, vo\u00fbtes, \u00e9paisseurs, sont proches du mod\u00e8le original. Bien que l\u2019\u00e9tiquette stipule 1700 comme ann\u00e9e de fabrication, nous supposons que ce \u201cStauffer\u201d (Ex- \u201cCristiani\u201d) date de 1708.<\/span><\/p>\n\n\n\n<hr class=\"wp-block-separator has-alpha-channel-opacity is-style-dots\"\/>\n\n\n\n<p class=\"has-text-color has-link-color wp-elements-37ce53981dee309209b473544bf3bd65\" style=\"color:#7d0202\">CARACT\u00c9RISTIQUES TECHNIQUES :<\/p>\n\n\n\n<ul class=\"wp-block-list\">\n<li>Dimensions: Longueur du corps <strong>77cm<\/strong><\/li>\n\n\n\n<li>Poids: <strong>2.5kg<\/strong> (approximativement)<\/li>\n\n\n\n<li>Bois utilis\u00e9:<strong> \u00c9pic\u00e9a des Alpes italiennes<\/strong> (table d\u2019harmonie) <strong>Erable des Alpes Suisses<\/strong>(manche, \u00e9clisses et dos) <strong>Saule <\/strong>(blocs &amp; tasseaux int\u00e9rieurs),&nbsp; <strong>\u00c9b\u00e8ne du Congo <\/strong>(touche, chevilles)<\/li>\n<\/ul>\n\n\n\n<hr class=\"wp-block-separator has-alpha-channel-opacity\"\/>\n\n\n\n<h2 class=\"wp-block-heading has-text-color has-link-color wp-elements-79febf4dbfc967b8ec4c3313aa7a16dd\" style=\"color:#740101\"><strong>MODELE SUR MESURE 25 000\u20ac<\/strong><\/h2>\n\n\n\n<div class=\"wp-block-media-text alignwide is-stacked-on-mobile is-vertically-aligned-center\" style=\"grid-template-columns:15% auto\"><figure class=\"wp-block-media-text__media\"><img decoding=\"async\" width=\"414\" height=\"1024\" src=\"https:\/\/atelier-sylvainpetit.com\/wp-content\/uploads\/2024\/02\/Mystery-front-cello-414x1024.png\" alt=\"\" class=\"wp-image-559 size-full\" srcset=\"https:\/\/atelier-sylvainpetit.com\/wp-content\/uploads\/2024\/02\/Mystery-front-cello-414x1024.png 414w, https:\/\/atelier-sylvainpetit.com\/wp-content\/uploads\/2024\/02\/Mystery-front-cello-121x300.png 121w, https:\/\/atelier-sylvainpetit.com\/wp-content\/uploads\/2024\/02\/Mystery-front-cello-768x1900.png 768w, https:\/\/atelier-sylvainpetit.com\/wp-content\/uploads\/2024\/02\/Mystery-front-cello-621x1536.png 621w, https:\/\/atelier-sylvainpetit.com\/wp-content\/uploads\/2024\/02\/Mystery-front-cello-520x1287.png 520w, https:\/\/atelier-sylvainpetit.com\/wp-content\/uploads\/2024\/02\/Mystery-front-cello-740x1831.png 740w, https:\/\/atelier-sylvainpetit.com\/wp-content\/uploads\/2024\/02\/Mystery-front-cello.png 776w\" sizes=\"(max-width: 414px) 100vw, 414px\" \/><\/figure><div class=\"wp-block-media-text__content\">\n<p class=\"has-text-color has-link-color wp-elements-5b64ed02f421e954ea7fb4a9e1447495\" style=\"color:#830303\">CARACT\u00c9RISTIQUES SONORES :<\/p>\n\n\n\n<ul class=\"wp-block-list\">\n<li>En fonction des demandes du musicien<\/li>\n<\/ul>\n\n\n\n<p class=\"has-text-color has-link-color wp-elements-f3f481344cdcfce18b7ee19a8747ec95\" style=\"color:#780202\">CARACT\u00c9RISTIQUES TECHNIQUES :<\/p>\n\n\n\n<ul class=\"wp-block-list\">\n<li>Dimensions: A d\u00e9finir<\/li>\n\n\n\n<li>Poids: A d\u00e9finir<\/li>\n\n\n\n<li>Bois utilis\u00e9: \u00c9pic\u00e9a des Alpes italiennes (table d\u2019harmonie) Erable des Alpes suisses (manche, \u00e9clisses et dos) Saule (blocs &amp; tasseaux int\u00e9rieurs), &nbsp;\u00c9b\u00e8ne du Congo (touche, chevilles)<\/li>\n<\/ul>\n<\/div><\/div>\n\n\n\n<hr class=\"wp-block-separator has-alpha-channel-opacity is-style-dots\"\/>\n\n\n\n<p class=\"has-text-color has-link-color wp-elements-bbd09712ca5388546c48e843221f9809\" style=\"color:#730101\">CONCEPT DU MOD\u00c8LE : <\/p>\n\n\n\n<p>Nous pouvons \u00e9galement vous sugg\u00e9rer un violoncelle hors des propositions \u00e9num\u00e9r\u00e9es ci-dessus. Un instrument totalement personnel o\u00f9 vous pourrez choisir diff\u00e9rents types de vernis (dans la limite du style de notre atelier), la longueur de caisse, parmi les stocks de bois que nous poss\u00e9dons, vous choisirez celui qui vous convient. Le violoncelle pourra \u00eatre personnel ou inspir\u00e9 d\u2019un mod\u00e8le historique que vous appr\u00e9ciez, ou bien l\u2019inspiration d\u2019un mod\u00e8le appartenant \u00e0 l\u2019un de vos solistes favoris. Durant la fabrication, vous aurez acc\u00e8s \u00e0 tout moment \u00e0 l\u2019instrument. Enfin, vous pouvez demander l\u2019apposition, \u00e0 l\u2019int\u00e9rieur de l\u2019instrument d\u2019une marque personnelle.<\/p>\n","protected":false},"excerpt":{"rendered":"<p>INSPIRATION MATTEO GOFFRILLER &#8220;VENICE&#8221; 19 800\u20ac HISTOIRE DU LUTHIER : Matteo Goffriller \u00e9tait un luthier V\u00e9nitien, connu pour son art et ses mod\u00e8les de violoncelles exceptionnels. Il \u00e9tait renomm\u00e9 pour s\u2019adapter aux demandes de ses<a class=\"read-more\" href=\"https:\/\/atelier-sylvainpetit.com\/index.php\/violoncelles\/\">Continue reading<\/a><\/p>\n","protected":false},"author":1,"featured_media":0,"parent":0,"menu_order":0,"comment_status":"closed","ping_status":"closed","template":"","meta":{"footnotes":""},"class_list":["post-111","page","type-page","status-publish","hentry"],"_links":{"self":[{"href":"https:\/\/atelier-sylvainpetit.com\/index.php\/wp-json\/wp\/v2\/pages\/111","targetHints":{"allow":["GET"]}}],"collection":[{"href":"https:\/\/atelier-sylvainpetit.com\/index.php\/wp-json\/wp\/v2\/pages"}],"about":[{"href":"https:\/\/atelier-sylvainpetit.com\/index.php\/wp-json\/wp\/v2\/types\/page"}],"author":[{"embeddable":true,"href":"https:\/\/atelier-sylvainpetit.com\/index.php\/wp-json\/wp\/v2\/users\/1"}],"replies":[{"embeddable":true,"href":"https:\/\/atelier-sylvainpetit.com\/index.php\/wp-json\/wp\/v2\/comments?post=111"}],"version-history":[{"count":15,"href":"https:\/\/atelier-sylvainpetit.com\/index.php\/wp-json\/wp\/v2\/pages\/111\/revisions"}],"predecessor-version":[{"id":669,"href":"https:\/\/atelier-sylvainpetit.com\/index.php\/wp-json\/wp\/v2\/pages\/111\/revisions\/669"}],"wp:attachment":[{"href":"https:\/\/atelier-sylvainpetit.com\/index.php\/wp-json\/wp\/v2\/media?parent=111"}],"curies":[{"name":"wp","href":"https:\/\/api.w.org\/{rel}","templated":true}]}}