{"id":191,"date":"2020-06-05T20:52:43","date_gmt":"2020-06-05T18:52:43","guid":{"rendered":"https:\/\/atelier-sylvainpetit.com\/?page_id=191"},"modified":"2024-02-10T22:47:36","modified_gmt":"2024-02-10T21:47:36","slug":"prise-de-r-d-v","status":"publish","type":"page","link":"https:\/\/atelier-sylvainpetit.com\/index.php\/prise-de-r-d-v\/","title":{"rendered":"P H I L O S O P H I E"},"content":{"rendered":"\n<p class=\"has-text-color has-link-color wp-elements-8a1b7c5988407ef85a3da75610b4c169\" style=\"color:#7e0303\">UN LUTHIER \u00c0 VOTRE \u00c9COUTE<\/p>\n\n\n\n<p>\u00a0Je cr\u00e9e des instruments adapt\u00e9s \u00e0 chaque personne, enti\u00e8rement \u00e0 la main, \u00e0 Narbonne. Un soin minutieux est apport\u00e9 \u00e0 chaque d\u00e9tail, de la conception \u00e0 la s\u00e9lection du bois, et cela jusqu\u2019au montage des cordes . Vous pouvez demander un instrument unique et le voir en cours de fabrication. J\u2019apporte \u00e9galement un soin particulier \u00e0 l\u2019utilisation de m\u00e9thodes anciennes et recettes h\u00e9rit\u00e9es de l\u2019\u00e2ge d\u2019or cr\u00e9monais.<\/p>\n\n\n\n<hr class=\"wp-block-separator has-alpha-channel-opacity is-style-dots\"\/>\n\n\n\n<p class=\"has-text-color has-link-color wp-elements-c3a6db7a25247aaf37d6df29eeb82f12\" style=\"color:#770303\">PHILOSOPHIE DE L\u2019ATELIER&nbsp;<\/p>\n\n\n\n<div class=\"wp-block-media-text is-stacked-on-mobile\" style=\"grid-template-columns:27% auto\"><figure class=\"wp-block-media-text__media\"><img decoding=\"async\" width=\"461\" height=\"1024\" src=\"https:\/\/atelier-sylvainpetit.com\/wp-content\/uploads\/2024\/02\/cello-ribs-461x1024.jpg\" alt=\"\" class=\"wp-image-572 size-full\" srcset=\"https:\/\/atelier-sylvainpetit.com\/wp-content\/uploads\/2024\/02\/cello-ribs-461x1024.jpg 461w, https:\/\/atelier-sylvainpetit.com\/wp-content\/uploads\/2024\/02\/cello-ribs-135x300.jpg 135w, https:\/\/atelier-sylvainpetit.com\/wp-content\/uploads\/2024\/02\/cello-ribs-768x1707.jpg 768w, https:\/\/atelier-sylvainpetit.com\/wp-content\/uploads\/2024\/02\/cello-ribs-691x1536.jpg 691w, https:\/\/atelier-sylvainpetit.com\/wp-content\/uploads\/2024\/02\/cello-ribs-520x1156.jpg 520w, https:\/\/atelier-sylvainpetit.com\/wp-content\/uploads\/2024\/02\/cello-ribs-740x1644.jpg 740w, https:\/\/atelier-sylvainpetit.com\/wp-content\/uploads\/2024\/02\/cello-ribs.jpg 864w\" sizes=\"(max-width: 461px) 100vw, 461px\" \/><\/figure><div class=\"wp-block-media-text__content\">\n<p>Je m\u2019efforce de pratiquer une lutherie \u00e9thique dans une perspective de pr\u00e9servation de la plan\u00e8te, privil\u00e9giant les circuits courts, les approvisionnements issus de for\u00eats durables, la qualit\u00e9 et la r\u00e9sistance des instruments. (certification SFC)<\/p>\n\n\n\n<p>Dans cette optique, mes violons, altos et violoncelles sont fabriqu\u00e9s \u00e0 partir d\u2019\u00e9rables vosgiens ou Alpins, s\u00e9ch\u00e9s entre 10 et 15 ans. D\u2019\u00e9pic\u00e9as \u00e9galement alpins, s\u00e9ch\u00e9s entre 8 et 15 ans. Les derniers instruments sortis de l\u2019atelier sont fournis avec des accessoires de qualit\u00e9 fabriqu\u00e9s en France avec du buis local. La touche est issue d&#8217;\u00e9b\u00e8nes congolais de plantations certifi\u00e9es . L\u2019ensemble venant d\u2019exploitations familiales contr\u00f4l\u00e9es et raisonn\u00e9es.<\/p>\n\n\n\n<p>Les m\u00e9thodes de fabrication sont \u00e9galement h\u00e9rit\u00e9es de techniques et gestes cr\u00e9monais du XVIII\u00e8me si\u00e8cle, utilisant les gouges, rabots, cordes &amp; compas. Enfin, fruit de plusieurs ann\u00e9es de recherches, le vernis \u201cantique\u201d \u00e0 l\u2019huile est fabriqu\u00e9 dans mon atelier ; compos\u00e9 de colophane, de t\u00e9r\u00e9benthine et d\u2019huile de lin cuite. L\u2019atelier est accessible \u00e0 tout moment pour que le musicien puisse voir le processus de cr\u00e9ation de son instrument.<\/p>\n<\/div><\/div>\n","protected":false},"excerpt":{"rendered":"<p>UN LUTHIER \u00c0 VOTRE \u00c9COUTE \u00a0Je cr\u00e9e des instruments adapt\u00e9s \u00e0 chaque personne, enti\u00e8rement \u00e0 la main, \u00e0 Narbonne. Un soin minutieux est apport\u00e9 \u00e0 chaque d\u00e9tail, de la conception \u00e0 la s\u00e9lection du bois,<a class=\"read-more\" href=\"https:\/\/atelier-sylvainpetit.com\/index.php\/prise-de-r-d-v\/\">Continue reading<\/a><\/p>\n","protected":false},"author":1,"featured_media":0,"parent":0,"menu_order":0,"comment_status":"closed","ping_status":"closed","template":"","meta":{"footnotes":""},"class_list":["post-191","page","type-page","status-publish","hentry"],"_links":{"self":[{"href":"https:\/\/atelier-sylvainpetit.com\/index.php\/wp-json\/wp\/v2\/pages\/191","targetHints":{"allow":["GET"]}}],"collection":[{"href":"https:\/\/atelier-sylvainpetit.com\/index.php\/wp-json\/wp\/v2\/pages"}],"about":[{"href":"https:\/\/atelier-sylvainpetit.com\/index.php\/wp-json\/wp\/v2\/types\/page"}],"author":[{"embeddable":true,"href":"https:\/\/atelier-sylvainpetit.com\/index.php\/wp-json\/wp\/v2\/users\/1"}],"replies":[{"embeddable":true,"href":"https:\/\/atelier-sylvainpetit.com\/index.php\/wp-json\/wp\/v2\/comments?post=191"}],"version-history":[{"count":16,"href":"https:\/\/atelier-sylvainpetit.com\/index.php\/wp-json\/wp\/v2\/pages\/191\/revisions"}],"predecessor-version":[{"id":575,"href":"https:\/\/atelier-sylvainpetit.com\/index.php\/wp-json\/wp\/v2\/pages\/191\/revisions\/575"}],"wp:attachment":[{"href":"https:\/\/atelier-sylvainpetit.com\/index.php\/wp-json\/wp\/v2\/media?parent=191"}],"curies":[{"name":"wp","href":"https:\/\/api.w.org\/{rel}","templated":true}]}}