{"id":2,"date":"2019-10-08T14:04:15","date_gmt":"2019-10-08T12:04:15","guid":{"rendered":"http:\/\/atelier-sylvainpetit.com\/?page_id=2"},"modified":"2026-03-24T19:18:41","modified_gmt":"2026-03-24T18:18:41","slug":"page-d-exemple","status":"publish","type":"page","link":"https:\/\/atelier-sylvainpetit.com\/","title":{"rendered":"L &#8216; A T E L I E R"},"content":{"rendered":"\n<hr class=\"wp-block-separator has-alpha-channel-opacity\"\/>\n\n\n\n<h2 class=\"wp-block-heading has-text-align-center\">SALON | ATELIER : &#8220;Pablo CASALS&#8221; :<\/h2>\n\n\n\n<hr class=\"wp-block-separator has-alpha-channel-opacity\"\/>\n\n\n\n<p class=\"has-text-align-center\"><em><mark style=\"background-color:rgba(0, 0, 0, 0);color:#89650c\" class=\"has-inline-color\">Musiciennes, musiciens,<\/mark><\/em><\/p>\n\n\n\n<p><mark style=\"background-color:rgba(0, 0, 0, 0);color:#89650c\" class=\"has-inline-color\"><em>L\u2019atelier de lutherie Sylvain PETIT a le tr\u00e8s grand plaisir de vous annoncer le coup d\u2019envoi pour un nouveau projet : la cr\u00e9ation d\u2019un atelier plus spacieux, mieux pens\u00e9 pour vous accueillir, pour fabriquer, organiser des visites &amp; petits \u00e9v\u00e9nements musicaux.<\/em><\/mark><\/p>\n\n\n\n<p><mark style=\"background-color:rgba(0, 0, 0, 0);color:#89650c\" class=\"has-inline-color\"><em>C\u2019est dans une commune du Minervois, particuli\u00e8rement sensible et ouverte \u00e0 l\u2019artisanat d\u2019art, que ce nouvel atelier verra le jour. Une opportunit\u00e9 pr\u00e9cieuse qui nous permet d\u2019imaginer un lieu encore plus vivant et convivial autour de la musique. Nous quitterons donc prochainement Narbonne, \u00e9tape n\u00e9cessaire, pour rejoindre ce nouvel environnement plus propice au d\u00e9veloppement de l\u2019atelier , de ses projets et de ses activit\u00e9s artisanales.<\/em><\/mark><\/p>\n\n\n\n<p><mark style=\"background-color:rgba(0, 0, 0, 0);color:#89650c\" class=\"has-inline-color\"><em>D\u2019ici l\u00e0, nous continuerons de vous accueillir les lundis et jeudis apr\u00e8s-midi en c\u0153ur de ville jusqu\u2019au d\u00e9but du mois de mai (sur RDV). Une fermeture partielle de quelques mois pour avoir le temps d&#8217;am\u00e9nager ce futur espace sera malheureusement in\u00e9vitable. Nous comptons donc sur votre compr\u00e9hension. Pendant toute cette p\u00e9riode de transition, je resterai bien entendu pleinement disponible et ouvert pour les locations et la fabrication !<\/em><\/mark><\/p>\n\n\n\n<p><em><mark style=\"background-color:rgba(0, 0, 0, 0);color:#89650c\" class=\"has-inline-color\">Un grand merci pour votre confiance, votre bienveillance et votre fid\u00e9lit\u00e9, c\u2019est une r\u00e9elle chance de vous avoir. Au plaisir donc de vous retrouver tr\u00e8s bient\u00f4t dans ce nouveau lieu d\u00e9di\u00e9 \u00e0 la musique et \u00e0 la cr\u00e9ation !<\/mark><\/em><\/p>\n\n\n\n<p class=\"has-text-align-center\"><strong><em><mark style=\"background-color:rgba(0, 0, 0, 0);color:#89650c\" class=\"has-inline-color\">Votre luthier <img decoding=\"async\" height=\"16\" width=\"16\" src=\"https:\/\/static.xx.fbcdn.net\/images\/emoji.php\/v9\/t5d\/3\/16\/1f3b6.png\" alt=\"\ud83c\udfb6\"><\/mark><\/em><\/strong><\/p>\n\n\n\n<hr class=\"wp-block-separator has-alpha-channel-opacity\"\/>\n\n\n\n<div class=\"wp-block-group is-nowrap is-layout-flex wp-container-core-group-is-layout-ad2f72ca wp-block-group-is-layout-flex\">\n<hr class=\"wp-block-separator has-alpha-channel-opacity\"\/>\n\n\n\n<hr class=\"wp-block-separator has-alpha-channel-opacity\"\/>\n\n\n\n<hr class=\"wp-block-separator has-alpha-channel-opacity\"\/>\n<\/div>\n\n\n\n<p class=\"has-text-align-center has-medium-font-size\">En rentrant dans ce petit atelier, vous constaterez que ce lieu est con\u00e7u pour la cr\u00e9ation artisanale &amp; artistique, ainsi que l&#8217;\u00e9coute musicale. J&#8217;ai imagin\u00e9 un lieu \u00e0 mon image, o\u00f9 des musiciens peuvent venir jouer ou discuter. Vous pouvez y boire un th\u00e9 ou un caf\u00e9 en compagnie du luthier et le voir travailler sur ses instruments.<\/p>\n\n\n<div class=\"wp-block-image is-style-rounded\">\n<figure class=\"aligncenter size-large is-resized\"><img decoding=\"async\" width=\"1024\" height=\"461\" src=\"https:\/\/atelier-sylvainpetit.com\/wp-content\/uploads\/2024\/02\/Salon-luthier-1-1024x461.jpg\" alt=\"\" class=\"wp-image-458\" style=\"width:564px;height:auto\" srcset=\"https:\/\/atelier-sylvainpetit.com\/wp-content\/uploads\/2024\/02\/Salon-luthier-1-1024x461.jpg 1024w, https:\/\/atelier-sylvainpetit.com\/wp-content\/uploads\/2024\/02\/Salon-luthier-1-300x135.jpg 300w, https:\/\/atelier-sylvainpetit.com\/wp-content\/uploads\/2024\/02\/Salon-luthier-1-768x346.jpg 768w, https:\/\/atelier-sylvainpetit.com\/wp-content\/uploads\/2024\/02\/Salon-luthier-1-1536x691.jpg 1536w, https:\/\/atelier-sylvainpetit.com\/wp-content\/uploads\/2024\/02\/Salon-luthier-1-520x234.jpg 520w, https:\/\/atelier-sylvainpetit.com\/wp-content\/uploads\/2024\/02\/Salon-luthier-1-740x333.jpg 740w, https:\/\/atelier-sylvainpetit.com\/wp-content\/uploads\/2024\/02\/Salon-luthier-1.jpg 1920w\" sizes=\"(max-width: 1024px) 100vw, 1024px\" \/><\/figure><\/div>\n\n\n<p><\/p>\n\n\n\n<p class=\"has-text-align-center has-medium-font-size\">La majeure partie de notre atelier est tourn\u00e9e vers la fabrication artisanale de violons, d&#8217;altos et de violoncelles, des cr\u00e9ations originales ainsi que l&#8217;inspiration de mod\u00e8les c\u00e9l\u00e8bres &amp; historiques. Cependant, nous proposons aussi p\u00e9riodiquement nos services pour certaines op\u00e9rations sp\u00e9cifiques de restauration (liste ci-bas). Nous ne vendons malheureusement pas d&#8217;accessoires ou de cordes pour nous concentrer sur la fabrication et la recherche.<\/p>\n\n\n\n<p class=\"has-text-align-center has-small-font-size\"><em>Rem\u00e9chage &#8211; remplacement de chevalet &#8211; remplacement de touche &#8211; remplacement des chevilles &#8211; remplacement des sillets &#8211; optimisation sonore<\/em> &#8211; location d&#8217;instruments d&#8217;\u00e9tude \/ de concert (selon disponibilit\u00e9s)<\/p>\n\n\n\n<hr class=\"wp-block-separator has-alpha-channel-opacity\"\/>\n\n\n\n<h2 class=\"wp-block-heading has-text-align-center\">PROCESSUS DE CREATION :<\/h2>\n\n\n\n<hr class=\"wp-block-separator has-alpha-channel-opacity\"\/>\n\n\n\n<div class=\"wp-block-media-text alignwide is-stacked-on-mobile\" style=\"grid-template-columns:25% auto\"><figure class=\"wp-block-media-text__media\"><img decoding=\"async\" width=\"480\" height=\"720\" src=\"https:\/\/atelier-sylvainpetit.com\/wp-content\/uploads\/2024\/02\/workshop-outils.jpg\" alt=\"\" class=\"wp-image-455 size-full\" srcset=\"https:\/\/atelier-sylvainpetit.com\/wp-content\/uploads\/2024\/02\/workshop-outils.jpg 480w, https:\/\/atelier-sylvainpetit.com\/wp-content\/uploads\/2024\/02\/workshop-outils-200x300.jpg 200w\" sizes=\"(max-width: 480px) 100vw, 480px\" \/><\/figure><div class=\"wp-block-media-text__content\">\n<p class=\"has-medium-font-size\"><em>Tout commence par la <strong>conception<\/strong>&#8230; <\/em><\/p>\n\n\n\n<p class=\"has-medium-font-size\">Avant le premier coup de gouge, je cherche un concept de sons, de formes et de textures pour aller vers une id\u00e9e pr\u00e9cise qui correspondra parfaitement au musicien.<\/p>\n\n\n\n<p class=\"has-medium-font-size\">Cet instrument devra traverser les \u00e2ges, \u00e9voluera avec son possesseur. Le Violon est le prolongement du bras du musicien, il est la voix de son expressivit\u00e9 &#8230;.<\/p>\n\n\n\n<p class=\"has-medium-font-size\">Il est alors primordial de cr\u00e9er un instrument d&#8217;art unique et convenant parfaitement, autant visuellement qu&#8217;auditivement, au musicien. C&#8217;est dans ces conditions, que l&#8217;artiste pourra exprimer l&#8217;ensemble de ses sentiments \u00e0 travers le violon.<\/p>\n\n\n\n<p class=\"has-medium-font-size\">Il na\u00eet alors, par l&#8217;alchimie produite entre les sentiments de l&#8217;artiste lors de l&#8217;interpr\u00e9tation, et le timbre du violon, un m\u00e9lange qui \u00e9meut le spectateur.<\/p>\n\n\n\n<p class=\"has-medium-font-size\"><em>C&#8217;est ainsi que de grandes \u0153uvres musicales peuvent \u00eatre si bouleversantes. <\/em><\/p>\n<\/div><\/div>\n\n\n\n<hr class=\"wp-block-separator has-css-opacity\"\/>\n\n\n\n<div class=\"wp-block-media-text alignwide has-media-on-the-right is-stacked-on-mobile\" style=\"grid-template-columns:auto 39%\"><div class=\"wp-block-media-text__content\">\n<p class=\"has-medium-font-size\"><em>Ensuite, vient la <strong>cr\u00e9ation<\/strong>&#8230;<\/em><\/p>\n\n\n\n<p class=\"has-medium-font-size\">Apr\u00e8s avoir minutieusement choisi le bois, je m&#8217;at\u00e8le \u00e0 la cr\u00e9ation de l&#8217;instrument en mettant dans chaque d\u00e9tail et dans chaque coup d&#8217;outil mon intention de d\u00e9part.<\/p>\n\n\n\n<p class=\"has-medium-font-size\">Ainsi le violon ou violoncelle prend forme peu \u00e0 peu. Les m\u00e9thodes utilis\u00e9es sont ancestrales, h\u00e9rit\u00e9es des Ma\u00eetres luthiers de l&#8217;\u00e2ge d&#8217;or du violon.<\/p>\n<\/div><figure class=\"wp-block-media-text__media\"><img decoding=\"async\" width=\"1024\" height=\"682\" src=\"https:\/\/atelier-sylvainpetit.com\/wp-content\/uploads\/2024\/02\/cello.jpg\" alt=\"\" class=\"wp-image-461 size-full\" srcset=\"https:\/\/atelier-sylvainpetit.com\/wp-content\/uploads\/2024\/02\/cello.jpg 1024w, https:\/\/atelier-sylvainpetit.com\/wp-content\/uploads\/2024\/02\/cello-300x200.jpg 300w, https:\/\/atelier-sylvainpetit.com\/wp-content\/uploads\/2024\/02\/cello-768x512.jpg 768w, https:\/\/atelier-sylvainpetit.com\/wp-content\/uploads\/2024\/02\/cello-390x260.jpg 390w, https:\/\/atelier-sylvainpetit.com\/wp-content\/uploads\/2024\/02\/cello-520x346.jpg 520w, https:\/\/atelier-sylvainpetit.com\/wp-content\/uploads\/2024\/02\/cello-740x493.jpg 740w\" sizes=\"(max-width: 1024px) 100vw, 1024px\" \/><\/figure><\/div>\n\n\n\n<hr class=\"wp-block-separator has-css-opacity\"\/>\n\n\n\n<div class=\"wp-block-media-text alignwide is-stacked-on-mobile\" style=\"grid-template-columns:21% auto\"><figure class=\"wp-block-media-text__media\"><img decoding=\"async\" width=\"822\" height=\"1024\" src=\"https:\/\/atelier-sylvainpetit.com\/wp-content\/uploads\/2024\/02\/Meuble-vernis-1-822x1024.jpg\" alt=\"\" class=\"wp-image-466 size-full\" srcset=\"https:\/\/atelier-sylvainpetit.com\/wp-content\/uploads\/2024\/02\/Meuble-vernis-1-822x1024.jpg 822w, https:\/\/atelier-sylvainpetit.com\/wp-content\/uploads\/2024\/02\/Meuble-vernis-1-241x300.jpg 241w, https:\/\/atelier-sylvainpetit.com\/wp-content\/uploads\/2024\/02\/Meuble-vernis-1-768x957.jpg 768w, https:\/\/atelier-sylvainpetit.com\/wp-content\/uploads\/2024\/02\/Meuble-vernis-1-1233x1536.jpg 1233w, https:\/\/atelier-sylvainpetit.com\/wp-content\/uploads\/2024\/02\/Meuble-vernis-1-520x648.jpg 520w, https:\/\/atelier-sylvainpetit.com\/wp-content\/uploads\/2024\/02\/Meuble-vernis-1-740x922.jpg 740w, https:\/\/atelier-sylvainpetit.com\/wp-content\/uploads\/2024\/02\/Meuble-vernis-1.jpg 1541w\" sizes=\"(max-width: 822px) 100vw, 822px\" \/><\/figure><div class=\"wp-block-media-text__content\">\n<p class=\"has-medium-font-size\">Et <em>enfin, vient se poser<strong> le vernis <\/strong>&#8230;<\/em><\/p>\n\n\n\n<p class=\"has-medium-font-size\">Une fois l&#8217;instrument achev\u00e9, je m&#8217;attelle \u00e0 la finition de l&#8217;instrument pour lui permettre de recevoir son vernis. C&#8217;est avec m\u00e9ticulosit\u00e9 qu&#8217;il faut travailler afin de donner une texture pr\u00e9cise au bois une fois le vernis appliqu\u00e9. La finition doit \u00e9galement permettre de cr\u00e9er une homog\u00e9n\u00e9it\u00e9 sur l&#8217;ensemble de l&#8217;instrument.<\/p>\n<\/div><\/div>\n\n\n\n<div class=\"wp-block-media-text alignwide has-media-on-the-right is-stacked-on-mobile\" style=\"grid-template-columns:auto 34%\"><div class=\"wp-block-media-text__content\">\n<p class=\"has-medium-font-size\">La recette du vernis est tr\u00e8s ancienne, \u00e0 base d&#8217;huile de lin et de colophane. Visqueux et color\u00e9 il est appliqu\u00e9e au pinceau et \u00e0 la main. C&#8217;est le point final d&#8217;un travail sur le son et sur l&#8217;esth\u00e9tique : Cr\u00e9er un vernis lumineux aux couleurs chaudes, assez souple pour avoir la parfaite \u00e9mission du son et assez rigide pour traverser le temps.<\/p>\n<\/div><figure class=\"wp-block-media-text__media\"><img decoding=\"async\" width=\"1024\" height=\"683\" src=\"https:\/\/atelier-sylvainpetit.com\/wp-content\/uploads\/2021\/08\/DSC01285-1024x683.jpg\" alt=\"\" class=\"wp-image-253 size-full\" srcset=\"https:\/\/atelier-sylvainpetit.com\/wp-content\/uploads\/2021\/08\/DSC01285-1024x683.jpg 1024w, https:\/\/atelier-sylvainpetit.com\/wp-content\/uploads\/2021\/08\/DSC01285-300x200.jpg 300w, https:\/\/atelier-sylvainpetit.com\/wp-content\/uploads\/2021\/08\/DSC01285-768x512.jpg 768w, https:\/\/atelier-sylvainpetit.com\/wp-content\/uploads\/2021\/08\/DSC01285-1536x1024.jpg 1536w, https:\/\/atelier-sylvainpetit.com\/wp-content\/uploads\/2021\/08\/DSC01285-2048x1365.jpg 2048w, https:\/\/atelier-sylvainpetit.com\/wp-content\/uploads\/2021\/08\/DSC01285-390x260.jpg 390w, https:\/\/atelier-sylvainpetit.com\/wp-content\/uploads\/2021\/08\/DSC01285-520x347.jpg 520w, https:\/\/atelier-sylvainpetit.com\/wp-content\/uploads\/2021\/08\/DSC01285-740x493.jpg 740w, https:\/\/atelier-sylvainpetit.com\/wp-content\/uploads\/2021\/08\/DSC01285-scaled.jpg 1920w\" sizes=\"(max-width: 1024px) 100vw, 1024px\" \/><\/figure><\/div>\n","protected":false},"excerpt":{"rendered":"<p>SALON | ATELIER : &#8220;Pablo CASALS&#8221; : Musiciennes, musiciens, L\u2019atelier de lutherie Sylvain PETIT a le tr\u00e8s grand plaisir de vous annoncer le coup d\u2019envoi pour un nouveau projet : la cr\u00e9ation d\u2019un atelier plus<a class=\"read-more\" href=\"https:\/\/atelier-sylvainpetit.com\/\">Continue reading<\/a><\/p>\n","protected":false},"author":1,"featured_media":0,"parent":0,"menu_order":0,"comment_status":"closed","ping_status":"open","template":"","meta":{"footnotes":""},"class_list":["post-2","page","type-page","status-publish","hentry"],"_links":{"self":[{"href":"https:\/\/atelier-sylvainpetit.com\/index.php\/wp-json\/wp\/v2\/pages\/2","targetHints":{"allow":["GET"]}}],"collection":[{"href":"https:\/\/atelier-sylvainpetit.com\/index.php\/wp-json\/wp\/v2\/pages"}],"about":[{"href":"https:\/\/atelier-sylvainpetit.com\/index.php\/wp-json\/wp\/v2\/types\/page"}],"author":[{"embeddable":true,"href":"https:\/\/atelier-sylvainpetit.com\/index.php\/wp-json\/wp\/v2\/users\/1"}],"replies":[{"embeddable":true,"href":"https:\/\/atelier-sylvainpetit.com\/index.php\/wp-json\/wp\/v2\/comments?post=2"}],"version-history":[{"count":142,"href":"https:\/\/atelier-sylvainpetit.com\/index.php\/wp-json\/wp\/v2\/pages\/2\/revisions"}],"predecessor-version":[{"id":774,"href":"https:\/\/atelier-sylvainpetit.com\/index.php\/wp-json\/wp\/v2\/pages\/2\/revisions\/774"}],"wp:attachment":[{"href":"https:\/\/atelier-sylvainpetit.com\/index.php\/wp-json\/wp\/v2\/media?parent=2"}],"curies":[{"name":"wp","href":"https:\/\/api.w.org\/{rel}","templated":true}]}}