{"id":7,"date":"2019-10-08T14:10:13","date_gmt":"2019-10-08T12:10:13","guid":{"rendered":"http:\/\/atelier-sylvainpetit.com\/?page_id=7"},"modified":"2024-02-10T15:12:53","modified_gmt":"2024-02-10T14:12:53","slug":"instruments","status":"publish","type":"page","link":"https:\/\/atelier-sylvainpetit.com\/index.php\/instruments\/","title":{"rendered":"I N S T R U M E N T S"},"content":{"rendered":"\n<p class=\"has-text-align-center has-medium-font-size\"><em>Avant l&#8217;achat d&#8217;un instrument, vous pouvez faire votre tout premier choix en regardant les caract\u00e9ristiques de chaque mod\u00e8le, ils auront chacun un profil que vous pourrez explorer lors d&#8217;essais. Bien \u00e9videment, vous pourrez avoir un pr\u00eat d&#8217;instrument deux semaines pour disposer d&#8217;un essai approfondi et \u00eatre certain de faire le bon choix, regardez les caract\u00e9ristiques techniques, visuelles, les dimensions, le timbre, l&#8217;histoire de la copie &#8230;. Prenez votre temps !<\/em><\/p>\n\n\n\n<p><\/p>\n\n\n\n<div class=\"wp-block-buttons is-content-justification-center is-layout-flex wp-container-core-buttons-is-layout-16018d1d wp-block-buttons-is-layout-flex\">\n<div class=\"wp-block-button is-style-outline is-style-outline--1\"><a class=\"wp-block-button__link wp-element-button\" href=\"https:\/\/atelier-sylvainpetit.com\/index.php\/violons\/\">\ud834\udd1e V I O L O N S <\/a><\/div>\n\n\n\n<div class=\"wp-block-button is-style-outline is-style-outline--2\"><a class=\"wp-block-button__link wp-element-button\" href=\"https:\/\/atelier-sylvainpetit.com\/index.php\/violoncelles\/\">\ud834\udd22 V I O L O N C E L L E S<\/a><\/div>\n\n\n\n<div class=\"wp-block-button is-style-outline is-style-outline--3\"><a class=\"wp-block-button__link wp-element-button\" href=\"https:\/\/atelier-sylvainpetit.com\/index.php\/altos\/\">\ud834\udd21 A L T O S<\/a><\/div>\n<\/div>\n\n\n\n<hr class=\"wp-block-separator has-alpha-channel-opacity is-style-dots\"\/>\n\n\n\n<p class=\"has-text-align-center has-text-color has-link-color has-large-font-size wp-elements-52857e2c97e894f6c98630ea830c7340\" style=\"color:#6f0707\">NOS  MODELES :<\/p>\n\n\n\n<p class=\"has-text-color has-link-color wp-elements-31fd299b17b989d6f27511eaabdc9e12\" style=\"color:#7a0404\"><strong>V I O L O N S&nbsp; :<\/strong><\/p>\n\n\n\n<p><em>Inspiration Andrea AMATI \u201cCharles IX\u201d <\/em><\/p>\n\n\n\n<p><em>Inspiration GUARNERI Del Ges\u00f9  \u201cPlowden\u201d <\/em><\/p>\n\n\n\n<p><em>Inspiration Antonio STRADIVARI <\/em><em>\u201cTitien\u201d<\/em><em> <\/em><\/p>\n\n\n\n<hr class=\"wp-block-separator has-alpha-channel-opacity is-style-dots\"\/>\n\n\n\n<p class=\"has-text-align-center has-text-color has-link-color wp-elements-bc037dcd734d0cdc68a73436a4620a8a\" style=\"color:#730707\"><strong>A L T O S&nbsp; :<\/strong><\/p>\n\n\n\n<p class=\"has-text-align-center\"><em>Mod\u00e8le personnel <\/em><em>\u201cLe Narbonnais\u201d<\/em><em> <\/em><\/p>\n\n\n\n<p class=\"has-text-align-center\"><em>Inspiration Andrea GUARNERI <\/em><em>\u201cConte Vitale\u201d<\/em><\/p>\n\n\n\n<p class=\"has-text-align-center\"><em>Inspiration Niccolo AMATI <\/em><em>\u201cRomanov\u201d <\/em><em>&nbsp;&nbsp;&nbsp;<\/em><em> <\/em><\/p>\n\n\n\n<hr class=\"wp-block-separator has-alpha-channel-opacity is-style-dots\"\/>\n\n\n\n<p class=\"has-text-align-right has-text-color has-link-color wp-elements-d631f57c428a7d42150bf34fcffd42fc\" style=\"color:#780404\"><strong>V I O L O N C E L L E S&nbsp; :<\/strong><\/p>\n\n\n\n<p class=\"has-text-align-right\"><em>Inspiration Matteo GOFFRILLER <\/em><em>\u201cVenice\u201d<\/em><em>&nbsp; <\/em><em> <\/em><\/p>\n\n\n\n<p class=\"has-text-align-right\"><em>Inspiration Antonio STRADIVARI <\/em><em>\u201cStauffer\u201d<\/em><em> <\/em><em> <\/em><\/p>\n\n\n\n<p><\/p>\n","protected":false},"excerpt":{"rendered":"<p>Avant l&#8217;achat d&#8217;un instrument, vous pouvez faire votre tout premier choix en regardant les caract\u00e9ristiques de chaque mod\u00e8le, ils auront chacun un profil que vous pourrez explorer lors d&#8217;essais. Bien \u00e9videment, vous pourrez avoir un<a class=\"read-more\" href=\"https:\/\/atelier-sylvainpetit.com\/index.php\/instruments\/\">Continue reading<\/a><\/p>\n","protected":false},"author":1,"featured_media":0,"parent":0,"menu_order":0,"comment_status":"closed","ping_status":"closed","template":"","meta":{"footnotes":""},"class_list":["post-7","page","type-page","status-publish","hentry"],"_links":{"self":[{"href":"https:\/\/atelier-sylvainpetit.com\/index.php\/wp-json\/wp\/v2\/pages\/7","targetHints":{"allow":["GET"]}}],"collection":[{"href":"https:\/\/atelier-sylvainpetit.com\/index.php\/wp-json\/wp\/v2\/pages"}],"about":[{"href":"https:\/\/atelier-sylvainpetit.com\/index.php\/wp-json\/wp\/v2\/types\/page"}],"author":[{"embeddable":true,"href":"https:\/\/atelier-sylvainpetit.com\/index.php\/wp-json\/wp\/v2\/users\/1"}],"replies":[{"embeddable":true,"href":"https:\/\/atelier-sylvainpetit.com\/index.php\/wp-json\/wp\/v2\/comments?post=7"}],"version-history":[{"count":34,"href":"https:\/\/atelier-sylvainpetit.com\/index.php\/wp-json\/wp\/v2\/pages\/7\/revisions"}],"predecessor-version":[{"id":564,"href":"https:\/\/atelier-sylvainpetit.com\/index.php\/wp-json\/wp\/v2\/pages\/7\/revisions\/564"}],"wp:attachment":[{"href":"https:\/\/atelier-sylvainpetit.com\/index.php\/wp-json\/wp\/v2\/media?parent=7"}],"curies":[{"name":"wp","href":"https:\/\/api.w.org\/{rel}","templated":true}]}}